{"id":19,"date":"2023-03-17T15:54:51","date_gmt":"2023-03-17T15:54:51","guid":{"rendered":"https:\/\/witj.starymail.pl\/?page_id=19"},"modified":"2026-04-01T09:15:41","modified_gmt":"2026-04-01T09:15:41","slug":"home","status":"publish","type":"page","link":"https:\/\/whiskeyinthejar.pl\/","title":{"rendered":"Home"},"content":{"rendered":"\t\t<div data-elementor-type=\"wp-page\" data-elementor-id=\"19\" class=\"elementor elementor-19\" data-elementor-post-type=\"page\">\n\t\t\t\t\t\t<section class=\"elementor-section elementor-top-section elementor-element elementor-element-72e51b0 elementor-section-boxed elementor-section-height-default elementor-section-height-default\" data-id=\"72e51b0\" data-element_type=\"section\" data-settings=\"{&quot;background_background&quot;:&quot;classic&quot;}\">\n\t\t\t\t\t\t<div class=\"elementor-container elementor-column-gap-no\">\n\t\t\t\t\t<div class=\"elementor-column elementor-col-100 elementor-top-column elementor-element elementor-element-de4331e\" data-id=\"de4331e\" data-element_type=\"column\">\n\t\t\t<div class=\"elementor-widget-wrap elementor-element-populated\">\n\t\t\t\t\t\t<div class=\"elementor-element elementor-element-c20908d elementor-widget elementor-widget-image\" data-id=\"c20908d\" data-element_type=\"widget\" data-widget_type=\"image.default\">\n\t\t\t\t<div class=\"elementor-widget-container\">\n\t\t\t\t\t\t\t\t\t\t\t\t\t\t\t<img fetchpriority=\"high\" decoding=\"async\" width=\"1920\" height=\"843\" src=\"https:\/\/whiskeyinthejar.pl\/wp-content\/uploads\/2023\/10\/cover-pb-logo.png\" class=\"attachment-full size-full wp-image-240\" alt=\"\" srcset=\"https:\/\/whiskeyinthejar.pl\/wp-content\/uploads\/2023\/10\/cover-pb-logo.png 1920w, https:\/\/whiskeyinthejar.pl\/wp-content\/uploads\/2023\/10\/cover-pb-logo-300x132.png 300w, https:\/\/whiskeyinthejar.pl\/wp-content\/uploads\/2023\/10\/cover-pb-logo-1024x450.png 1024w, https:\/\/whiskeyinthejar.pl\/wp-content\/uploads\/2023\/10\/cover-pb-logo-768x337.png 768w, https:\/\/whiskeyinthejar.pl\/wp-content\/uploads\/2023\/10\/cover-pb-logo-1536x674.png 1536w\" sizes=\"(max-width: 1920px) 100vw, 1920px\" \/>\t\t\t\t\t\t\t\t\t\t\t\t\t\t\t<\/div>\n\t\t\t\t<\/div>\n\t\t\t\t\t<\/div>\n\t\t<\/div>\n\t\t\t\t\t<\/div>\n\t\t<\/section>\n\t\t\t\t<section class=\"elementor-section elementor-top-section elementor-element elementor-element-b88e2b8 elementor-section-boxed elementor-section-height-default elementor-section-height-default\" data-id=\"b88e2b8\" data-element_type=\"section\" data-settings=\"{&quot;background_background&quot;:&quot;classic&quot;}\">\n\t\t\t\t\t\t<div class=\"elementor-container elementor-column-gap-no\">\n\t\t\t\t\t<div class=\"elementor-column elementor-col-33 elementor-top-column elementor-element elementor-element-b4ca6b6\" data-id=\"b4ca6b6\" data-element_type=\"column\">\n\t\t\t<div class=\"elementor-widget-wrap elementor-element-populated\">\n\t\t\t\t\t\t<div class=\"elementor-element elementor-element-e67db08 elementor-widget elementor-widget-image\" data-id=\"e67db08\" data-element_type=\"widget\" data-widget_type=\"image.default\">\n\t\t\t\t<div class=\"elementor-widget-container\">\n\t\t\t\t\t\t\t\t\t\t\t\t\t\t\t\t<a href=\"https:\/\/whiskeyinthejar.pl\/wp-content\/uploads\/2026\/04\/jar_kwiecien_post.jpg\" data-elementor-open-lightbox=\"yes\" data-elementor-lightbox-title=\"jar_kwiecien_post\" data-e-action-hash=\"#elementor-action%3Aaction%3Dlightbox%26settings%3DeyJpZCI6NDgyLCJ1cmwiOiJodHRwczpcL1wvd2hpc2tleWludGhlamFyLnBsXC93cC1jb250ZW50XC91cGxvYWRzXC8yMDI2XC8wNFwvamFyX2t3aWVjaWVuX3Bvc3QuanBnIn0%3D\">\n\t\t\t\t\t\t\t<img decoding=\"async\" width=\"800\" height=\"1000\" src=\"https:\/\/whiskeyinthejar.pl\/wp-content\/uploads\/2026\/04\/jar_kwiecien_post-819x1024.jpg\" class=\"attachment-large size-large wp-image-482\" alt=\"\" srcset=\"https:\/\/whiskeyinthejar.pl\/wp-content\/uploads\/2026\/04\/jar_kwiecien_post-819x1024.jpg 819w, https:\/\/whiskeyinthejar.pl\/wp-content\/uploads\/2026\/04\/jar_kwiecien_post-240x300.jpg 240w, https:\/\/whiskeyinthejar.pl\/wp-content\/uploads\/2026\/04\/jar_kwiecien_post-768x960.jpg 768w, https:\/\/whiskeyinthejar.pl\/wp-content\/uploads\/2026\/04\/jar_kwiecien_post-600x750.jpg 600w, https:\/\/whiskeyinthejar.pl\/wp-content\/uploads\/2026\/04\/jar_kwiecien_post.jpg 1080w\" sizes=\"(max-width: 800px) 100vw, 800px\" \/>\t\t\t\t\t\t\t\t<\/a>\n\t\t\t\t\t\t\t\t\t\t\t\t\t\t\t<\/div>\n\t\t\t\t<\/div>\n\t\t\t\t\t<\/div>\n\t\t<\/div>\n\t\t\t\t<div class=\"elementor-column elementor-col-33 elementor-top-column elementor-element elementor-element-404e2e2\" data-id=\"404e2e2\" data-element_type=\"column\">\n\t\t\t<div class=\"elementor-widget-wrap elementor-element-populated\">\n\t\t\t\t\t\t<div class=\"elementor-element elementor-element-e1f6edd elementor-widget elementor-widget-image\" data-id=\"e1f6edd\" data-element_type=\"widget\" data-widget_type=\"image.default\">\n\t\t\t\t<div class=\"elementor-widget-container\">\n\t\t\t\t\t\t\t\t\t\t\t\t\t\t\t\t<a href=\"https:\/\/whiskeyinthejar.pl\/wp-content\/uploads\/2025\/12\/mieso_temporary.jpg\" data-elementor-open-lightbox=\"yes\" data-elementor-lightbox-title=\"mieso_temporary\" data-e-action-hash=\"#elementor-action%3Aaction%3Dlightbox%26settings%3DeyJpZCI6NDM4LCJ1cmwiOiJodHRwczpcL1wvd2hpc2tleWludGhlamFyLnBsXC93cC1jb250ZW50XC91cGxvYWRzXC8yMDI1XC8xMlwvbWllc29fdGVtcG9yYXJ5LmpwZyJ9\">\n\t\t\t\t\t\t\t<img decoding=\"async\" width=\"800\" height=\"1000\" src=\"https:\/\/whiskeyinthejar.pl\/wp-content\/uploads\/2025\/12\/mieso_temporary-819x1024.jpg\" class=\"attachment-large size-large wp-image-438\" alt=\"\" srcset=\"https:\/\/whiskeyinthejar.pl\/wp-content\/uploads\/2025\/12\/mieso_temporary-819x1024.jpg 819w, https:\/\/whiskeyinthejar.pl\/wp-content\/uploads\/2025\/12\/mieso_temporary-240x300.jpg 240w, https:\/\/whiskeyinthejar.pl\/wp-content\/uploads\/2025\/12\/mieso_temporary-768x960.jpg 768w, https:\/\/whiskeyinthejar.pl\/wp-content\/uploads\/2025\/12\/mieso_temporary-600x750.jpg 600w, https:\/\/whiskeyinthejar.pl\/wp-content\/uploads\/2025\/12\/mieso_temporary.jpg 1080w\" sizes=\"(max-width: 800px) 100vw, 800px\" \/>\t\t\t\t\t\t\t\t<\/a>\n\t\t\t\t\t\t\t\t\t\t\t\t\t\t\t<\/div>\n\t\t\t\t<\/div>\n\t\t\t\t\t<\/div>\n\t\t<\/div>\n\t\t\t\t<div class=\"elementor-column elementor-col-33 elementor-top-column elementor-element elementor-element-0b823b5\" data-id=\"0b823b5\" data-element_type=\"column\">\n\t\t\t<div class=\"elementor-widget-wrap elementor-element-populated\">\n\t\t\t\t\t\t<div class=\"elementor-element elementor-element-4456a55 elementor-widget elementor-widget-image\" data-id=\"4456a55\" data-element_type=\"widget\" data-widget_type=\"image.default\">\n\t\t\t\t<div class=\"elementor-widget-container\">\n\t\t\t\t\t\t\t\t\t\t\t\t\t\t\t\t<a href=\"https:\/\/whiskeyinthejar.pl\/wp-content\/uploads\/2026\/01\/J_lo_post.jpg\" data-elementor-open-lightbox=\"yes\" data-elementor-lightbox-title=\"J_lo_post\" data-e-action-hash=\"#elementor-action%3Aaction%3Dlightbox%26settings%3DeyJpZCI6NDQ4LCJ1cmwiOiJodHRwczpcL1wvd2hpc2tleWludGhlamFyLnBsXC93cC1jb250ZW50XC91cGxvYWRzXC8yMDI2XC8wMVwvSl9sb19wb3N0LmpwZyJ9\">\n\t\t\t\t\t\t\t<img loading=\"lazy\" decoding=\"async\" width=\"800\" height=\"1000\" src=\"https:\/\/whiskeyinthejar.pl\/wp-content\/uploads\/2026\/01\/J_lo_post-819x1024.jpg\" class=\"attachment-large size-large wp-image-448\" alt=\"\" srcset=\"https:\/\/whiskeyinthejar.pl\/wp-content\/uploads\/2026\/01\/J_lo_post-819x1024.jpg 819w, https:\/\/whiskeyinthejar.pl\/wp-content\/uploads\/2026\/01\/J_lo_post-240x300.jpg 240w, https:\/\/whiskeyinthejar.pl\/wp-content\/uploads\/2026\/01\/J_lo_post-768x960.jpg 768w, https:\/\/whiskeyinthejar.pl\/wp-content\/uploads\/2026\/01\/J_lo_post-600x750.jpg 600w, https:\/\/whiskeyinthejar.pl\/wp-content\/uploads\/2026\/01\/J_lo_post.jpg 1080w\" sizes=\"(max-width: 800px) 100vw, 800px\" \/>\t\t\t\t\t\t\t\t<\/a>\n\t\t\t\t\t\t\t\t\t\t\t\t\t\t\t<\/div>\n\t\t\t\t<\/div>\n\t\t\t\t\t<\/div>\n\t\t<\/div>\n\t\t\t\t\t<\/div>\n\t\t<\/section>\n\t\t\t\t<section class=\"elementor-section elementor-top-section elementor-element elementor-element-48cb53a elementor-section-boxed elementor-section-height-default elementor-section-height-default\" data-id=\"48cb53a\" data-element_type=\"section\" data-settings=\"{&quot;background_background&quot;:&quot;classic&quot;}\">\n\t\t\t\t\t\t<div class=\"elementor-container elementor-column-gap-default\">\n\t\t\t\t\t<div class=\"elementor-column elementor-col-100 elementor-top-column elementor-element elementor-element-3e98b55\" data-id=\"3e98b55\" data-element_type=\"column\">\n\t\t\t<div class=\"elementor-widget-wrap elementor-element-populated\">\n\t\t\t\t\t\t<div class=\"elementor-element elementor-element-844569e h-rot e-transform elementor-widget elementor-widget-heading\" data-id=\"844569e\" data-element_type=\"widget\" data-settings=\"{&quot;_transform_rotateZ_effect&quot;:{&quot;unit&quot;:&quot;px&quot;,&quot;size&quot;:&quot;&quot;,&quot;sizes&quot;:[]},&quot;_transform_rotateZ_effect_tablet&quot;:{&quot;unit&quot;:&quot;deg&quot;,&quot;size&quot;:&quot;&quot;,&quot;sizes&quot;:[]},&quot;_transform_rotateZ_effect_mobile&quot;:{&quot;unit&quot;:&quot;deg&quot;,&quot;size&quot;:&quot;&quot;,&quot;sizes&quot;:[]}}\" data-widget_type=\"heading.default\">\n\t\t\t\t<div class=\"elementor-widget-container\">\n\t\t\t\t\t<h1 class=\"elementor-heading-title elementor-size-default\">REZERWACJE<\/h1>\t\t\t\t<\/div>\n\t\t\t\t<\/div>\n\t\t\t\t\t<\/div>\n\t\t<\/div>\n\t\t\t\t\t<\/div>\n\t\t<\/section>\n\t\t\t\t<section class=\"elementor-section elementor-top-section elementor-element elementor-element-107974d elementor-section-boxed elementor-section-height-default elementor-section-height-default\" data-id=\"107974d\" data-element_type=\"section\" data-settings=\"{&quot;background_background&quot;:&quot;classic&quot;}\">\n\t\t\t\t\t\t<div class=\"elementor-container elementor-column-gap-default\">\n\t\t\t\t\t<div class=\"elementor-column elementor-col-100 elementor-top-column elementor-element elementor-element-c2580e5\" data-id=\"c2580e5\" data-element_type=\"column\">\n\t\t\t<div class=\"elementor-widget-wrap elementor-element-populated\">\n\t\t\t\t\t\t<div class=\"elementor-element elementor-element-ae9254f elementor-widget elementor-widget-heading\" data-id=\"ae9254f\" data-element_type=\"widget\" data-widget_type=\"heading.default\">\n\t\t\t\t<div class=\"elementor-widget-container\">\n\t\t\t\t\t<h3 class=\"elementor-heading-title elementor-size-default\">Wybierz miasto:<\/h3>\t\t\t\t<\/div>\n\t\t\t\t<\/div>\n\t\t\t\t<div class=\"elementor-element elementor-element-9667e3f elementor-tabs-alignment-center elementor-tabs-view-horizontal elementor-widget elementor-widget-tabs\" data-id=\"9667e3f\" data-element_type=\"widget\" data-widget_type=\"tabs.default\">\n\t\t\t\t<div class=\"elementor-widget-container\">\n\t\t\t\t\t\t\t<div class=\"elementor-tabs\">\n\t\t\t<div class=\"elementor-tabs-wrapper\" role=\"tablist\" >\n\t\t\t\t\t\t\t\t\t<div id=\"elementor-tab-title-1571\" class=\"elementor-tab-title elementor-tab-desktop-title\" aria-selected=\"true\" data-tab=\"1\" role=\"tab\" tabindex=\"0\" aria-controls=\"elementor-tab-content-1571\" aria-expanded=\"false\">Pozna\u0144 Stary RYNEK<\/div>\n\t\t\t\t\t\t\t\t\t<div id=\"elementor-tab-title-1572\" class=\"elementor-tab-title elementor-tab-desktop-title\" aria-selected=\"false\" data-tab=\"2\" role=\"tab\" tabindex=\"-1\" aria-controls=\"elementor-tab-content-1572\" aria-expanded=\"false\">Wroc\u0142aw<\/div>\n\t\t\t\t\t\t\t\t\t<div id=\"elementor-tab-title-1573\" class=\"elementor-tab-title elementor-tab-desktop-title\" aria-selected=\"false\" data-tab=\"3\" role=\"tab\" tabindex=\"-1\" aria-controls=\"elementor-tab-content-1573\" aria-expanded=\"false\">\u0141\u00f3d\u017a<\/div>\n\t\t\t\t\t\t\t\t\t<div id=\"elementor-tab-title-1574\" class=\"elementor-tab-title elementor-tab-desktop-title\" aria-selected=\"false\" data-tab=\"4\" role=\"tab\" tabindex=\"-1\" aria-controls=\"elementor-tab-content-1574\" aria-expanded=\"false\">Warszawa<\/div>\n\t\t\t\t\t\t\t\t\t<div id=\"elementor-tab-title-1575\" class=\"elementor-tab-title elementor-tab-desktop-title\" aria-selected=\"false\" data-tab=\"5\" role=\"tab\" tabindex=\"-1\" aria-controls=\"elementor-tab-content-1575\" aria-expanded=\"false\">Pozna\u0144 Stary BROWAR<\/div>\n\t\t\t\t\t\t\t\t\t<div id=\"elementor-tab-title-1576\" class=\"elementor-tab-title elementor-tab-desktop-title\" aria-selected=\"false\" data-tab=\"6\" role=\"tab\" tabindex=\"-1\" aria-controls=\"elementor-tab-content-1576\" aria-expanded=\"false\">Gda\u0144sk<\/div>\n\t\t\t\t\t\t\t<\/div>\n\t\t\t<div class=\"elementor-tabs-content-wrapper\" role=\"tablist\" aria-orientation=\"vertical\">\n\t\t\t\t\t\t\t\t\t<div class=\"elementor-tab-title elementor-tab-mobile-title\" aria-selected=\"true\" data-tab=\"1\" role=\"tab\" tabindex=\"0\" aria-controls=\"elementor-tab-content-1571\" aria-expanded=\"false\">Pozna\u0144 Stary RYNEK<\/div>\n\t\t\t\t\t<div id=\"elementor-tab-content-1571\" class=\"elementor-tab-content elementor-clearfix\" data-tab=\"1\" role=\"tabpanel\" aria-labelledby=\"elementor-tab-title-1571\" tabindex=\"0\" hidden=\"false\"><div class=\"text-center mt-40\"><p style=\"text-align: center;\">Kliknij poni\u017cej, aby dokona\u0107 rezerwacji w Poznaniu.<\/p><p style=\"text-align: center;\"><span style=\"color: #ffffff;\"><button formtarget=\"_blank\" type=\"button\"><a style=\"color: #ffffff;\" href=\"https:\/\/zjedz.my\/whiskey-in-the-jar-stary-rynek\">Rezerwacja<\/a> <\/button><\/span><\/p><\/div><\/div>\n\t\t\t\t\t\t\t\t\t<div class=\"elementor-tab-title elementor-tab-mobile-title\" aria-selected=\"false\" data-tab=\"2\" role=\"tab\" tabindex=\"-1\" aria-controls=\"elementor-tab-content-1572\" aria-expanded=\"false\">Wroc\u0142aw<\/div>\n\t\t\t\t\t<div id=\"elementor-tab-content-1572\" class=\"elementor-tab-content elementor-clearfix\" data-tab=\"2\" role=\"tabpanel\" aria-labelledby=\"elementor-tab-title-1572\" tabindex=\"0\" hidden=\"hidden\"><div class=\"text-center mt-40\"><p style=\"text-align: center;\"><span style=\"color: #808080;\">Kliknij poni\u017cej, aby dokona\u0107 rezerwacji we Wroc\u0142awiu.<\/span><\/p><p style=\"text-align: center;\"><span style=\"color: #ffffff;\"><a style=\"color: #ffffff;\" href=\"https:\/\/zjedz.my\/whiskey-in-the-jar-wroclaw\"><button class=\"btn btn-default\" formtarget=\"_blank\" type=\"button\">Rezerwacja <\/button><\/a><\/span><\/p><p style=\"text-align: center;\"><span style=\"color: #808080;\">1. System rezerwacji stolik\u00f3w w restauracji Whiskey in the Jar dzia\u0142a online przez 24h\/dob\u0119 poprzez stron\u0119 zjedz.my.<\/span><br \/><span style=\"color: #808080;\">2. Restauracja zastrzega sobie czas na akceptacj\u0119 rezerwacji do 24h od momentu z\u0142o\u017cenia rezerwacji.<\/span><br \/><span style=\"color: #808080;\">3. Standardowy czas, na kt\u00f3ry restauracja rezerwuje stoliki to 2h &#8211; w przypadku ch\u0119ci skorzystania ze stolika d\u0142u\u017cej ni\u017c 2h prosimy o informacj\u0119 w polu &#8222;uwagi&#8221;<\/span><br \/><span style=\"color: #808080;\">4. Gwarantujemy dost\u0119pno\u015b\u0107 zarezerwowanego stolika przez 15min, po czasie na kt\u00f3ry zosta\u0142a dokonana rezerwacja &#8211; po up\u0142ywie 15 min restauracja nie gwarantuje dost\u0119pno\u015bci stolika.<\/span><br \/><span style=\"color: #808080;\">5. Restauracja przyjmuje rezerwacje maksymalnie 12 &#8211; osobowe.<\/span><br \/><span style=\"color: #808080;\">6. Stoliki na ogr\u00f3dku nie podlegaj\u0105 rezerwacji &#8211; w przypadku grup powy\u017cej 4 os\u00f3b nie ma mo\u017cliwo\u015bci \u0142\u0105czenia sto\u0142\u00f3w na ogrodzie.<\/span><br \/><span style=\"color: #808080;\">7. Do sto\u0142u podajemy jeden wsp\u00f3lny rachunek , przy grupach od 6 os\u00f3b doliczany jest serwis w wysoko\u015bci 10% od rachunku.<\/span><\/p><\/div><\/div>\n\t\t\t\t\t\t\t\t\t<div class=\"elementor-tab-title elementor-tab-mobile-title\" aria-selected=\"false\" data-tab=\"3\" role=\"tab\" tabindex=\"-1\" aria-controls=\"elementor-tab-content-1573\" aria-expanded=\"false\">\u0141\u00f3d\u017a<\/div>\n\t\t\t\t\t<div id=\"elementor-tab-content-1573\" class=\"elementor-tab-content elementor-clearfix\" data-tab=\"3\" role=\"tabpanel\" aria-labelledby=\"elementor-tab-title-1573\" tabindex=\"0\" hidden=\"hidden\"><div class=\"text-center mt-40\"><p style=\"text-align: center;\">Kliknij poni\u017cej, aby dokona\u0107 rezerwacji w \u0141odzi.<\/p><p style=\"text-align: center;\"><span style=\"color: #ffffff;\"><a style=\"color: #ffffff;\" href=\"https:\/\/zjedz.my\/whiskeylodz\"><button class=\"btn btn-default\" formtarget=\"_blank\" type=\"button\">Rezerwacja <\/button><\/a><\/span><\/p><\/div><\/div>\n\t\t\t\t\t\t\t\t\t<div class=\"elementor-tab-title elementor-tab-mobile-title\" aria-selected=\"false\" data-tab=\"4\" role=\"tab\" tabindex=\"-1\" aria-controls=\"elementor-tab-content-1574\" aria-expanded=\"false\">Warszawa<\/div>\n\t\t\t\t\t<div id=\"elementor-tab-content-1574\" class=\"elementor-tab-content elementor-clearfix\" data-tab=\"4\" role=\"tabpanel\" aria-labelledby=\"elementor-tab-title-1574\" tabindex=\"0\" hidden=\"hidden\"><div class=\"text-center mt-40\"><p style=\"text-align: center;\">Kliknij poni\u017cej, aby dokona\u0107 rezerwacji w Warszawie.<\/p><p style=\"text-align: center;\"><span style=\"color: #ffffff;\"><a style=\"color: #ffffff;\" href=\"https:\/\/zjedz.my\/whiskeywarszawa\"><button class=\"btn btn-default\" formtarget=\"_blank\" type=\"button\">Rezerwacja <\/button><\/a><\/span><\/p><\/div><\/div>\n\t\t\t\t\t\t\t\t\t<div class=\"elementor-tab-title elementor-tab-mobile-title\" aria-selected=\"false\" data-tab=\"5\" role=\"tab\" tabindex=\"-1\" aria-controls=\"elementor-tab-content-1575\" aria-expanded=\"false\">Pozna\u0144 Stary BROWAR<\/div>\n\t\t\t\t\t<div id=\"elementor-tab-content-1575\" class=\"elementor-tab-content elementor-clearfix\" data-tab=\"5\" role=\"tabpanel\" aria-labelledby=\"elementor-tab-title-1575\" tabindex=\"0\" hidden=\"hidden\"><div class=\"text-center mt-40\"><p style=\"text-align: center;\">Kliknij poni\u017cej, aby dokona\u0107 rezerwacji w Poznaniu &#8211; Stary Browar.<\/p><p style=\"text-align: center;\"><span style=\"color: #ffffff;\"><a style=\"color: #ffffff;\" href=\"https:\/\/zjedz.my\/whiskeypoznan\"><button class=\"btn btn-default\" formtarget=\"_blank\" type=\"button\">Rezerwacja <\/button><\/a><\/span><\/p><\/div><\/div>\n\t\t\t\t\t\t\t\t\t<div class=\"elementor-tab-title elementor-tab-mobile-title\" aria-selected=\"false\" data-tab=\"6\" role=\"tab\" tabindex=\"-1\" aria-controls=\"elementor-tab-content-1576\" aria-expanded=\"false\">Gda\u0144sk<\/div>\n\t\t\t\t\t<div id=\"elementor-tab-content-1576\" class=\"elementor-tab-content elementor-clearfix\" data-tab=\"6\" role=\"tabpanel\" aria-labelledby=\"elementor-tab-title-1576\" tabindex=\"0\" hidden=\"hidden\"><div class=\"text-center mt-40\"><p style=\"text-align: center;\">Kliknij poni\u017cej, aby dokona\u0107 rezerwacji w Gda\u0144sku.<\/p><p style=\"text-align: center;\"><span style=\"color: #ffffff;\"><a style=\"color: #ffffff;\" href=\"https:\/\/zjedz.my\/whiskey-in-the-jar-gdansk\"><button class=\"btn btn-default\" formtarget=\"_blank\" type=\"button\">Rezerwacja <\/button><\/a><\/span><\/p><\/div><\/div>\n\t\t\t\t\t\t\t<\/div>\n\t\t<\/div>\n\t\t\t\t\t\t<\/div>\n\t\t\t\t<\/div>\n\t\t\t\t<div class=\"elementor-element elementor-element-cb4e862 elementor-widget elementor-widget-heading\" data-id=\"cb4e862\" data-element_type=\"widget\" data-widget_type=\"heading.default\">\n\t\t\t\t<div class=\"elementor-widget-container\">\n\t\t\t\t\t<p class=\"elementor-heading-title elementor-size-default\"><font color=\"#919191\"><i style=\"font-family: Aptos, sans-serif;font-size: 12pt;text-align: start;white-space: normal\">U\u015bmiechnij si\u0119! W naszej restauracji w ka\u017cdym dniu wykonujemy zdj\u0119cia i nagrania przedstawiaj\u0105ce wn\u0119trze oraz codzienne \u017cycie lokalu, aby dzieli\u0107 si\u0119 jego atmosfer\u0105 na naszych profilach w mediach spo\u0142eczno\u015bciowych (Facebook, Instagram). Materia\u0142y te maj\u0105 charakter og\u00f3lny i mog\u0105 obejmowa\u0107 osoby obecne w lokalu jako element ca\u0142o\u015bci. Przetwarzanie odbywa si\u0119 na podstawie uzasadnionego interesu administratora (art. 6 ust. 1 lit. f RODO) w celu promocji restauracji.<\/i><\/font><br><br><font color=\"#919191\"><i style=\"font-family: Aptos, sans-serif;font-size: 12pt;text-align: start;white-space: normal\">Je\u017celi nie \u017cycz\u0105 sobie Pa\u0144stwo, aby Pa\u0144stwa wizerunek by\u0142 utrwalony lub opublikowany, prosimy poinformowa\u0107 obs\u0142ug\u0119 \u2013 uwzgl\u0119dnimy to niezw\u0142ocznie.<br><\/i><\/font><br><br><\/p>\t\t\t\t<\/div>\n\t\t\t\t<\/div>\n\t\t\t\t\t<\/div>\n\t\t<\/div>\n\t\t\t\t\t<\/div>\n\t\t<\/section>\n\t\t\t\t<\/div>\n\t\t","protected":false},"excerpt":{"rendered":"<p>REZERWACJE Wybierz miasto: Pozna\u0144 Stary RYNEK Wroc\u0142aw \u0141\u00f3d\u017a Warszawa Pozna\u0144 Stary BROWAR Gda\u0144sk Pozna\u0144 Stary RYNEK Kliknij poni\u017cej, aby dokona\u0107 rezerwacji w Poznaniu. Rezerwacja Wroc\u0142aw Kliknij poni\u017cej, aby dokona\u0107 rezerwacji we Wroc\u0142awiu. Rezerwacja 1. System rezerwacji stolik\u00f3w w restauracji Whiskey in the Jar dzia\u0142a online przez 24h\/dob\u0119 poprzez stron\u0119 zjedz.my.2. Restauracja zastrzega sobie czas na [&hellip;]<\/p>\n","protected":false},"author":2,"featured_media":0,"parent":0,"menu_order":0,"comment_status":"closed","ping_status":"closed","template":"elementor_theme","meta":{"footnotes":""},"class_list":["post-19","page","type-page","status-publish","hentry"],"_links":{"self":[{"href":"https:\/\/whiskeyinthejar.pl\/index.php?rest_route=\/wp\/v2\/pages\/19","targetHints":{"allow":["GET"]}}],"collection":[{"href":"https:\/\/whiskeyinthejar.pl\/index.php?rest_route=\/wp\/v2\/pages"}],"about":[{"href":"https:\/\/whiskeyinthejar.pl\/index.php?rest_route=\/wp\/v2\/types\/page"}],"author":[{"embeddable":true,"href":"https:\/\/whiskeyinthejar.pl\/index.php?rest_route=\/wp\/v2\/users\/2"}],"replies":[{"embeddable":true,"href":"https:\/\/whiskeyinthejar.pl\/index.php?rest_route=%2Fwp%2Fv2%2Fcomments&post=19"}],"version-history":[{"count":235,"href":"https:\/\/whiskeyinthejar.pl\/index.php?rest_route=\/wp\/v2\/pages\/19\/revisions"}],"predecessor-version":[{"id":487,"href":"https:\/\/whiskeyinthejar.pl\/index.php?rest_route=\/wp\/v2\/pages\/19\/revisions\/487"}],"wp:attachment":[{"href":"https:\/\/whiskeyinthejar.pl\/index.php?rest_route=%2Fwp%2Fv2%2Fmedia&parent=19"}],"curies":[{"name":"wp","href":"https:\/\/api.w.org\/{rel}","templated":true}]}}